{"id":53,"date":"2024-06-11T08:42:00","date_gmt":"2024-06-11T06:42:00","guid":{"rendered":"https:\/\/windsurfing-club-hamburg.de\/?page_id=53"},"modified":"2026-03-06T21:37:58","modified_gmt":"2026-03-06T20:37:58","slug":"windsurfkurse","status":"publish","type":"page","link":"https:\/\/windsurfing-club-hamburg.de\/?page_id=53","title":{"rendered":"Windsurfkurse"},"content":{"rendered":"\n<figure class=\"wp-block-image size-large\"><img loading=\"lazy\" decoding=\"async\" width=\"1024\" height=\"681\" src=\"https:\/\/windsurfing-club-hamburg.de\/wp-content\/uploads\/2024\/06\/DSC_0143-1024x681.jpg\" alt=\"\" class=\"wp-image-9\" srcset=\"https:\/\/windsurfing-club-hamburg.de\/wp-content\/uploads\/2024\/06\/DSC_0143-1024x681.jpg 1024w, https:\/\/windsurfing-club-hamburg.de\/wp-content\/uploads\/2024\/06\/DSC_0143-300x199.jpg 300w, https:\/\/windsurfing-club-hamburg.de\/wp-content\/uploads\/2024\/06\/DSC_0143-768x511.jpg 768w, https:\/\/windsurfing-club-hamburg.de\/wp-content\/uploads\/2024\/06\/DSC_0143-1536x1021.jpg 1536w, https:\/\/windsurfing-club-hamburg.de\/wp-content\/uploads\/2024\/06\/DSC_0143-2048x1362.jpg 2048w\" sizes=\"auto, (max-width: 1024px) 100vw, 1024px\" \/><\/figure>\n\n\n\n<p class=\"has-small-font-size\">Windsurfen erlernen, erlerntes vertiefen oder auch neues lernen.<br>Der Vereinen bietet f\u00fcr jeden etwas.<br><\/p>\n\n\n\n<p class=\"has-small-font-size\"><strong>Unsere Anf\u00e4ngerkurse<\/strong><\/p>\n\n\n\n<p class=\"has-small-font-size\">Als absoluter Anf\u00e4nger und Neu-Mitglied kannst Du bei uns an einem Anf\u00e4ngerkurs teilnehmen und nach bestandener Pr\u00fcfung den Windsurf Grundschein des Deutschen Segler Verabandes (DSV- Surfgrundschein) erwerben.<br>Damit kannst Du Dir dann an anderen Surfstationen im Urlaub Windsurfmaterial ausleihen.<\/p>\n\n\n\n<p class=\"has-small-font-size\">Der Anf\u00e4ngerkurs selbst wird \u00fcber den Jahresmitgliedsbeitrag finanziert. Es fallen daher nur die Kosten f\u00fcr die Theorie- Schulungsunterlagen und den DSV Grundschein von 40,00 Euro an.<\/p>\n\n\n\n<p class=\"has-small-font-size\">Dass Windsurf Material  wird vom Verein gestellt.<br>Einzig Badekleidung, Neoprenanzug, Surfschuhe und Handtuch solltest Du mitbringen.<br>Die Kurse werden in kleinen Gruppen von maximal 6 Teilnehmern abgehalten und finden der Zeit von Mai bis Oktober direkt am Clubhaus und auf dem Oortkatensee statt.<\/p>\n\n\n\n<p class=\"has-small-font-size\">Mehr Informationen sowie Schulungs- und Pr\u00fcfungstermine nennen wir Dir gerne, wenn Du Dich \u00fcber das Kontaktformular bei uns meldest.<\/p>\n\n\n\n<p><\/p>\n\n\n\n<p class=\"has-small-font-size\"><strong>Erlerntes vertiefen und neues lernen<\/strong><\/p>\n\n\n\n<p class=\"has-small-font-size\">Abgesehen von den Anf\u00e4ngerkursen kannst Du bei Bedarf an Materialkunde Kursen und Kursen f\u00fcr Fortgeschrittene teilzunehmen.<br>Wir erkl\u00e4ren wir dabei welches Surfmaterial f\u00fcr welchen Einsatz gedacht ist und helfen Dir beim Erlernen von Surfman\u00f6vern weiter.<br>Hierf\u00fcr fahren wir in Rahmen von Vereinsausfahrten an geeignete Reviere wie z.B. die Ostsee oder nach D\u00e4nemark.<\/p>\n\n\n\n<p class=\"has-small-font-size\"><br><\/p>\n\n\n\n<figure class=\"wp-block-image size-full\"><img loading=\"lazy\" decoding=\"async\" width=\"1025\" height=\"686\" src=\"https:\/\/windsurfing-club-hamburg.de\/wp-content\/uploads\/2024\/06\/fly-2.jpg\" alt=\"\" class=\"wp-image-54\" srcset=\"https:\/\/windsurfing-club-hamburg.de\/wp-content\/uploads\/2024\/06\/fly-2.jpg 1025w, https:\/\/windsurfing-club-hamburg.de\/wp-content\/uploads\/2024\/06\/fly-2-300x201.jpg 300w, https:\/\/windsurfing-club-hamburg.de\/wp-content\/uploads\/2024\/06\/fly-2-768x514.jpg 768w\" sizes=\"auto, (max-width: 1025px) 100vw, 1025px\" \/><\/figure>\n","protected":false},"excerpt":{"rendered":"<p>Windsurfen erlernen, erlerntes vertiefen oder auch neues lernen.Der Vereinen bietet f\u00fcr jeden etwas. Unsere Anf\u00e4ngerkurse Als absoluter Anf\u00e4nger und Neu-Mitglied kannst Du bei uns an einem Anf\u00e4ngerkurs teilnehmen und nach bestandener Pr\u00fcfung den Windsurf Grundschein des Deutschen Segler Verabandes (DSV- Surfgrundschein) erwerben.Damit kannst Du Dir dann an anderen Surfstationen im Urlaub Windsurfmaterial ausleihen. Der Anf\u00e4ngerkurs [&hellip;]<\/p>\n","protected":false},"author":2,"featured_media":0,"parent":0,"menu_order":0,"comment_status":"closed","ping_status":"closed","template":"","meta":{"footnotes":""},"class_list":["post-53","page","type-page","status-publish","hentry"],"_links":{"self":[{"href":"https:\/\/windsurfing-club-hamburg.de\/index.php?rest_route=\/wp\/v2\/pages\/53","targetHints":{"allow":["GET"]}}],"collection":[{"href":"https:\/\/windsurfing-club-hamburg.de\/index.php?rest_route=\/wp\/v2\/pages"}],"about":[{"href":"https:\/\/windsurfing-club-hamburg.de\/index.php?rest_route=\/wp\/v2\/types\/page"}],"author":[{"embeddable":true,"href":"https:\/\/windsurfing-club-hamburg.de\/index.php?rest_route=\/wp\/v2\/users\/2"}],"replies":[{"embeddable":true,"href":"https:\/\/windsurfing-club-hamburg.de\/index.php?rest_route=%2Fwp%2Fv2%2Fcomments&post=53"}],"version-history":[{"count":1,"href":"https:\/\/windsurfing-club-hamburg.de\/index.php?rest_route=\/wp\/v2\/pages\/53\/revisions"}],"predecessor-version":[{"id":55,"href":"https:\/\/windsurfing-club-hamburg.de\/index.php?rest_route=\/wp\/v2\/pages\/53\/revisions\/55"}],"wp:attachment":[{"href":"https:\/\/windsurfing-club-hamburg.de\/index.php?rest_route=%2Fwp%2Fv2%2Fmedia&parent=53"}],"curies":[{"name":"wp","href":"https:\/\/api.w.org\/{rel}","templated":true}]}}