{"id":460,"date":"2026-03-06T21:36:44","date_gmt":"2026-03-06T20:36:44","guid":{"rendered":"https:\/\/windsurfing-club-hamburg.de\/?page_id=460"},"modified":"2026-03-07T19:50:31","modified_gmt":"2026-03-07T18:50:31","slug":"datenschutzerklaerung","status":"publish","type":"page","link":"https:\/\/windsurfing-club-hamburg.de\/?page_id=460","title":{"rendered":"Datenschutzerkl\u00e4rung"},"content":{"rendered":"\n<p><strong>1. Verantwortlicher<\/strong><br>\u2028\u2028Verantwortlich f\u00fcr die Datenverarbeitung auf dieser Website ist:\u2028&nbsp;<br><br>Windsurfing Club Hamburg e.V.<br>Oortkatenufer 24<br>21037 Hamburg<br>Deutschland<br><br>E-Mail: windsurfing-club-hh(at)<a href=\"http:\/\/gmx.de\/\">gmx.de<\/a><\/p>\n\n\n\n<p><strong>2. Hosting<\/strong><br>Diese Website wird bei einem externen Dienstleister gehostet:<br><br>dogado GmbH<br>Antonio-Segni-Stra\u00dfe 11<br>44263 Dortmund<br>Deutschland<br><br>Beim Aufruf unserer Website erfasst der Hostinganbieter automatisch Informationen in sogenannten Server-Logfiles. Diese Informationen werden automatisch von Ihrem Browser an den Server unserer Website \u00fcbermittelt. Dies sind insbesondere:<br><br>* IP-Adresse<br>* Datum und Uhrzeit der Serveranfrage<br>* Browsertyp und Browserversion<br>* verwendetes Betriebssystem<br>* Referrer URL<br>* Hostname des zugreifenden Rechners<br><br>Diese Daten werden verarbeitet, um den technischen Betrieb und die Sicherheit der Website zu gew\u00e4hrleisten. Eine Zusammenf\u00fchrung dieser Daten mit anderen Datenquellen erfolgt nicht.<\/p>\n\n\n\n<p><strong>3. Kontaktformular<\/strong><br>Wenn Sie uns \u00fcber das Kontaktformular Anfragen senden, werden Ihre Angaben aus dem Formular inklusive der von Ihnen angegebenen Kontaktdaten zum Zweck der Bearbeitung der Anfrage und f\u00fcr m\u00f6gliche Anschlussfragen bei uns gespeichert.<br><br>Die Verarbeitung dieser Daten erfolgt auf Grundlage von Art. 6 Abs. 1 lit. b DSGVO (Bearbeitung von Anfragen) oder auf Grundlage unseres berechtigten Interesses an einer effizienten Bearbeitung der an uns gerichteten Anfragen gem\u00e4\u00df Art. 6 Abs. 1 lit. f DSGVO.<br><br>Ihre Daten geben wir nicht ohne Ihre Einwilligung weiter.<br>\u2028<\/p>\n\n\n\n<p><strong>4. Speicherdauer<\/strong><br>Ihre personenbezogenen Daten verbleiben bei uns, bis der Zweck f\u00fcr die Datenverarbeitung entf\u00e4llt. Wenn Sie eine L\u00f6schung verlangen oder Ihre Einwilligung widerrufen, werden Ihre Daten gel\u00f6scht, sofern keine gesetzlichen Aufbewahrungspflichten bestehen.<\/p>\n\n\n\n<p><strong><strong>5. Online-Pr\u00e4senzen auf anderen Plattformen<\/strong><\/strong><\/p>\n\n\n\n<p>Wir betreiben eine Online-Pr\u00e4senz auf der Social-Media-Plattform Instagram, um \u00fcber unsere Vereinsarbeit zu informieren und mit Interessenten, Mitgliedern und der \u00d6ffentlichkeit zu kommunizieren.<\/p>\n\n\n\n<p>Anbieter der Plattform ist:<\/p>\n\n\n\n<p>Meta Platforms Ireland Limited<br>4 Grand Canal Square<br>Grand Canal Harbour<br>Dublin 2<br>Irland<\/p>\n\n\n\n<p>Beim Besuch unserer Instagram-Seite werden personenbezogene Daten durch Meta verarbeitet. Hierzu k\u00f6nnen insbesondere folgende Daten geh\u00f6ren:<\/p>\n\n\n\n<ul class=\"wp-block-list\">\n<li>IP-Adresse<\/li>\n\n\n\n<li>Ger\u00e4teinformationen<\/li>\n\n\n\n<li>Interaktionen mit unserer Seite (z. B. Likes, Kommentare oder Nachrichten)<\/li>\n\n\n\n<li>Nutzungs- und Statistikdaten<\/li>\n<\/ul>\n\n\n\n<p>Diese Daten werden von Meta auch zu Marktforschungs- und Werbezwecken verarbeitet und k\u00f6nnen zur Erstellung von Nutzungsprofilen verwendet werden.<\/p>\n\n\n\n<p>Beim Betrieb unserer Instagram-Seite kann eine gemeinsame Verantwortlichkeit im Sinne des Art. 26 DSGVO zwischen uns und Meta bestehen. Die entsprechende Vereinbarung \u00fcber die gemeinsame Verantwortlichkeit ist unter folgendem Link abrufbar:<br><a href=\"https:\/\/www.facebook.com\/legal\/terms\/page_controller_addendum\">https:\/\/www.facebook.com\/legal\/terms\/page_controller_addendum<\/a><\/p>\n\n\n\n<p>Die Verarbeitung erfolgt auf Grundlage unseres berechtigten Interesses gem\u00e4\u00df Art. 6 Abs. 1 lit. f DSGVO an einer zeitgem\u00e4\u00dfen \u00d6ffentlichkeitsarbeit sowie an der Kommunikation mit Interessierten und Mitgliedern.<\/p>\n\n\n\n<p>Wenn Sie uns \u00fcber Instagram kontaktieren (z. B. per Direktnachricht oder Kommentar), verarbeiten wir die von Ihnen mitgeteilten Daten ausschlie\u00dflich zur Bearbeitung Ihrer Anfrage. Die Daten werden gel\u00f6scht, sobald der Zweck der Speicherung entf\u00e4llt und keine gesetzlichen Aufbewahrungspflichten entgegenstehen.<\/p>\n\n\n\n<p>Es kann nicht ausgeschlossen werden, dass Meta personenbezogene Daten auch in Drittl\u00e4nder au\u00dferhalb der Europ\u00e4ischen Union, insbesondere in die USA, \u00fcbertr\u00e4gt.<\/p>\n\n\n\n<p>Weitere Informationen zur Verarbeitung personenbezogener Daten durch Instagram finden Sie in der Datenschutzerkl\u00e4rung von Instagram:<br><a href=\"https:\/\/privacycenter.instagram.com\/policy\/\">https:\/\/privacycenter.instagram.com\/policy\/<\/a><br><br><br><strong>6. Ihre Rechte<\/strong><br>Sie haben im Rahmen der geltenden gesetzlichen Bestimmungen jederzeit das Recht auf:<br><br>* Auskunft \u00fcber Ihre gespeicherten personenbezogenen Daten<br>* Berichtigung unrichtiger Daten<br>* L\u00f6schung Ihrer Daten<br>* Einschr\u00e4nkung der Verarbeitung<br>* Widerspruch gegen die Verarbeitung<br>* Daten\u00fcbertragbarkeit<br><br>Au\u00dferdem haben Sie das Recht, sich bei einer Datenschutzaufsichtsbeh\u00f6rde \u00fcber die Verarbeitung Ihrer personenbezogenen Daten zu beschweren.<br><br>Zust\u00e4ndige Aufsichtsbeh\u00f6rde:<br><br>Der Hamburgische Beauftragte f\u00fcr Datenschutz und Informationsfreiheit<br>Ludwig-Erhard-Str. 22<br>20459 Hamburg<br><br><br><\/p>\n\n\n\n<p><\/p>\n","protected":false},"excerpt":{"rendered":"<p>1. Verantwortlicher\u2028\u2028Verantwortlich f\u00fcr die Datenverarbeitung auf dieser Website ist:\u2028&nbsp; Windsurfing Club Hamburg e.V.Oortkatenufer 2421037 HamburgDeutschland E-Mail: windsurfing-club-hh(at)gmx.de 2. HostingDiese Website wird bei einem externen Dienstleister gehostet: dogado GmbHAntonio-Segni-Stra\u00dfe 1144263 DortmundDeutschland Beim Aufruf unserer Website erfasst der Hostinganbieter automatisch Informationen in sogenannten Server-Logfiles. Diese Informationen werden automatisch von Ihrem Browser an den Server unserer Website \u00fcbermittelt. [&hellip;]<\/p>\n","protected":false},"author":2,"featured_media":0,"parent":0,"menu_order":0,"comment_status":"closed","ping_status":"closed","template":"","meta":{"footnotes":""},"class_list":["post-460","page","type-page","status-publish","hentry"],"_links":{"self":[{"href":"https:\/\/windsurfing-club-hamburg.de\/index.php?rest_route=\/wp\/v2\/pages\/460","targetHints":{"allow":["GET"]}}],"collection":[{"href":"https:\/\/windsurfing-club-hamburg.de\/index.php?rest_route=\/wp\/v2\/pages"}],"about":[{"href":"https:\/\/windsurfing-club-hamburg.de\/index.php?rest_route=\/wp\/v2\/types\/page"}],"author":[{"embeddable":true,"href":"https:\/\/windsurfing-club-hamburg.de\/index.php?rest_route=\/wp\/v2\/users\/2"}],"replies":[{"embeddable":true,"href":"https:\/\/windsurfing-club-hamburg.de\/index.php?rest_route=%2Fwp%2Fv2%2Fcomments&post=460"}],"version-history":[{"count":4,"href":"https:\/\/windsurfing-club-hamburg.de\/index.php?rest_route=\/wp\/v2\/pages\/460\/revisions"}],"predecessor-version":[{"id":493,"href":"https:\/\/windsurfing-club-hamburg.de\/index.php?rest_route=\/wp\/v2\/pages\/460\/revisions\/493"}],"wp:attachment":[{"href":"https:\/\/windsurfing-club-hamburg.de\/index.php?rest_route=%2Fwp%2Fv2%2Fmedia&parent=460"}],"curies":[{"name":"wp","href":"https:\/\/api.w.org\/{rel}","templated":true}]}}