{"id":33,"date":"2024-06-11T08:34:32","date_gmt":"2024-06-11T06:34:32","guid":{"rendered":"https:\/\/windsurfing-club-hamburg.de\/?page_id=33"},"modified":"2026-03-06T21:37:43","modified_gmt":"2026-03-06T20:37:43","slug":"clubhaus","status":"publish","type":"page","link":"https:\/\/windsurfing-club-hamburg.de\/?page_id=33","title":{"rendered":"Clubhaus"},"content":{"rendered":"\n<figure class=\"wp-block-image size-large\"><img loading=\"lazy\" decoding=\"async\" width=\"1024\" height=\"587\" src=\"https:\/\/windsurfing-club-hamburg.de\/wp-content\/uploads\/2024\/06\/Clubhaus-2048x1173-2-1024x587.jpg\" alt=\"\" class=\"wp-image-34\" srcset=\"https:\/\/windsurfing-club-hamburg.de\/wp-content\/uploads\/2024\/06\/Clubhaus-2048x1173-2-1024x587.jpg 1024w, https:\/\/windsurfing-club-hamburg.de\/wp-content\/uploads\/2024\/06\/Clubhaus-2048x1173-2-300x172.jpg 300w, https:\/\/windsurfing-club-hamburg.de\/wp-content\/uploads\/2024\/06\/Clubhaus-2048x1173-2-768x440.jpg 768w, https:\/\/windsurfing-club-hamburg.de\/wp-content\/uploads\/2024\/06\/Clubhaus-2048x1173-2-1536x880.jpg 1536w, https:\/\/windsurfing-club-hamburg.de\/wp-content\/uploads\/2024\/06\/Clubhaus-2048x1173-2.jpg 2048w\" sizes=\"auto, (max-width: 1024px) 100vw, 1024px\" \/><\/figure>\n\n\n\n<p class=\"has-small-font-size\">Unser Clubhaus befindet sich am Oortkatenufer 24 in Hamburg und liegt direkt zwischen Elbe und See. Die Bushaltestelle ist ca. 100 Meter entfernt.<br>Damit sind wir \u00fcber die \u00f6ffentlichen Verkehrsmittel mit der Buslinie 120 direkt ab Hamburg Hauptbahnhof bzw. der S-Bahn Haltestelle Tiefstack erreichbar.<br><br>Bei uns gibt es Umkleidem\u00f6glichkeiten, Duschen, Toiletten, eine Sauna sowie einen gro\u00dfen Clubraum, Lagerpl\u00e4tze f\u00fcr das Clubmaterial und f\u00fcr private Surfboards.<\/p>\n\n\n\n<p class=\"has-small-font-size\">Au\u00dferdem verf\u00fcgen wir \u00fcber eine K\u00fcche, in der all die leckeren Speisen f\u00fcr unsere Grill Abende vorbereitet werden k\u00f6nnen. <\/p>\n\n\n\n<p class=\"has-small-font-size\">Im Hauptmen\u00fc findet Ihr eine Karte, die die Lage unseres Clubs zeigt.<\/p>\n\n\n\n<p class=\"has-small-font-size\">Zu sehen ist der Oortkatensee, der von den Locals auch liebevoll Ottisee genannt wird.<br>Das Clubhaus steht auf dem Vordeich Gel\u00e4nde, daher haben wir auf der einen Seite unser Hausrevier den Hohendeicher See wie der See offiziell genannt wird und auf der anderen Seite die Elbe.<br><br>Von Geesthacht bis zum Oortkaten Hafen gilt die Elbe als Binnenwasserstra\u00dfe und darf von Surfern befahren werden, solange die Berufsschifffahrt nicht behindert wird und die geltenden Regeln beachtet werden.<br>Da es sich um ein Str\u00f6mungsrevier (Ebbe \/ Flut) handelt und wegen der Binnenschiffe, die hier regelm\u00e4\u00dfig verkehren, sollten unge\u00fcbte Surfer nur unter Anleitung auf die Elbe gehen.<\/p>\n","protected":false},"excerpt":{"rendered":"<p>Unser Clubhaus befindet sich am Oortkatenufer 24 in Hamburg und liegt direkt zwischen Elbe und See. Die Bushaltestelle ist ca. 100 Meter entfernt.Damit sind wir \u00fcber die \u00f6ffentlichen Verkehrsmittel mit der Buslinie 120 direkt ab Hamburg Hauptbahnhof bzw. der S-Bahn Haltestelle Tiefstack erreichbar. Bei uns gibt es Umkleidem\u00f6glichkeiten, Duschen, Toiletten, eine Sauna sowie einen gro\u00dfen [&hellip;]<\/p>\n","protected":false},"author":2,"featured_media":0,"parent":0,"menu_order":0,"comment_status":"closed","ping_status":"closed","template":"","meta":{"footnotes":""},"class_list":["post-33","page","type-page","status-publish","hentry"],"_links":{"self":[{"href":"https:\/\/windsurfing-club-hamburg.de\/index.php?rest_route=\/wp\/v2\/pages\/33","targetHints":{"allow":["GET"]}}],"collection":[{"href":"https:\/\/windsurfing-club-hamburg.de\/index.php?rest_route=\/wp\/v2\/pages"}],"about":[{"href":"https:\/\/windsurfing-club-hamburg.de\/index.php?rest_route=\/wp\/v2\/types\/page"}],"author":[{"embeddable":true,"href":"https:\/\/windsurfing-club-hamburg.de\/index.php?rest_route=\/wp\/v2\/users\/2"}],"replies":[{"embeddable":true,"href":"https:\/\/windsurfing-club-hamburg.de\/index.php?rest_route=%2Fwp%2Fv2%2Fcomments&post=33"}],"version-history":[{"count":1,"href":"https:\/\/windsurfing-club-hamburg.de\/index.php?rest_route=\/wp\/v2\/pages\/33\/revisions"}],"predecessor-version":[{"id":35,"href":"https:\/\/windsurfing-club-hamburg.de\/index.php?rest_route=\/wp\/v2\/pages\/33\/revisions\/35"}],"wp:attachment":[{"href":"https:\/\/windsurfing-club-hamburg.de\/index.php?rest_route=%2Fwp%2Fv2%2Fmedia&parent=33"}],"curies":[{"name":"wp","href":"https:\/\/api.w.org\/{rel}","templated":true}]}}