{"id":30,"date":"2024-06-11T08:33:50","date_gmt":"2024-06-11T06:33:50","guid":{"rendered":"https:\/\/windsurfing-club-hamburg.de\/?page_id=30"},"modified":"2026-03-06T21:37:42","modified_gmt":"2026-03-06T20:37:42","slug":"clubfahrten","status":"publish","type":"page","link":"https:\/\/windsurfing-club-hamburg.de\/?page_id=30","title":{"rendered":"Clubfahrten"},"content":{"rendered":"\n<figure class=\"wp-block-image size-large\"><img loading=\"lazy\" decoding=\"async\" width=\"1024\" height=\"685\" src=\"https:\/\/windsurfing-club-hamburg.de\/wp-content\/uploads\/2024\/06\/DSC_0189-1-1024x685.jpg\" alt=\"\" class=\"wp-image-31\" srcset=\"https:\/\/windsurfing-club-hamburg.de\/wp-content\/uploads\/2024\/06\/DSC_0189-1-1024x685.jpg 1024w, https:\/\/windsurfing-club-hamburg.de\/wp-content\/uploads\/2024\/06\/DSC_0189-1-300x201.jpg 300w, https:\/\/windsurfing-club-hamburg.de\/wp-content\/uploads\/2024\/06\/DSC_0189-1-768x514.jpg 768w, https:\/\/windsurfing-club-hamburg.de\/wp-content\/uploads\/2024\/06\/DSC_0189-1-1536x1028.jpg 1536w, https:\/\/windsurfing-club-hamburg.de\/wp-content\/uploads\/2024\/06\/DSC_0189-1-2048x1371.jpg 2048w\" sizes=\"auto, (max-width: 1024px) 100vw, 1024px\" \/><\/figure>\n\n\n\n<p class=\"has-small-font-size\">Wir surfen nicht nur auf dem Oortkatensee oder der Elbe sondern bieten f\u00fcr die Mitglieder auch mehrmals im Jahr Clubausfahrten zu anderen Surfrevieren als Tagesfahrten oder l\u00e4ngere Ausfahrten z.B. \u00fcber Pfingsten oder in den Herbstferien an.<\/p>\n\n\n\n<p class=\"has-small-font-size\">Diese f\u00fchren uns meist nach D\u00e4nemark an die Ostsee oder im Herbst an den Ringk\u00f8bing Fjord.<br>Zudem gibt es auch den einen oder anderen spontane Surfurlaub \/Trip.<\/p>\n\n\n\n<p class=\"has-small-font-size\">Jedenfalls Du wirst im Windsurfing Club Hamburg e.V. andere begeisterte Windsurfer kennenlernen.<\/p>\n","protected":false},"excerpt":{"rendered":"<p>Wir surfen nicht nur auf dem Oortkatensee oder der Elbe sondern bieten f\u00fcr die Mitglieder auch mehrmals im Jahr Clubausfahrten zu anderen Surfrevieren als Tagesfahrten oder l\u00e4ngere Ausfahrten z.B. \u00fcber Pfingsten oder in den Herbstferien an. Diese f\u00fchren uns meist nach D\u00e4nemark an die Ostsee oder im Herbst an den Ringk\u00f8bing Fjord.Zudem gibt es auch [&hellip;]<\/p>\n","protected":false},"author":2,"featured_media":0,"parent":0,"menu_order":0,"comment_status":"closed","ping_status":"closed","template":"","meta":{"footnotes":""},"class_list":["post-30","page","type-page","status-publish","hentry"],"_links":{"self":[{"href":"https:\/\/windsurfing-club-hamburg.de\/index.php?rest_route=\/wp\/v2\/pages\/30","targetHints":{"allow":["GET"]}}],"collection":[{"href":"https:\/\/windsurfing-club-hamburg.de\/index.php?rest_route=\/wp\/v2\/pages"}],"about":[{"href":"https:\/\/windsurfing-club-hamburg.de\/index.php?rest_route=\/wp\/v2\/types\/page"}],"author":[{"embeddable":true,"href":"https:\/\/windsurfing-club-hamburg.de\/index.php?rest_route=\/wp\/v2\/users\/2"}],"replies":[{"embeddable":true,"href":"https:\/\/windsurfing-club-hamburg.de\/index.php?rest_route=%2Fwp%2Fv2%2Fcomments&post=30"}],"version-history":[{"count":1,"href":"https:\/\/windsurfing-club-hamburg.de\/index.php?rest_route=\/wp\/v2\/pages\/30\/revisions"}],"predecessor-version":[{"id":32,"href":"https:\/\/windsurfing-club-hamburg.de\/index.php?rest_route=\/wp\/v2\/pages\/30\/revisions\/32"}],"wp:attachment":[{"href":"https:\/\/windsurfing-club-hamburg.de\/index.php?rest_route=%2Fwp%2Fv2%2Fmedia&parent=30"}],"curies":[{"name":"wp","href":"https:\/\/api.w.org\/{rel}","templated":true}]}}