{"id":216,"date":"2024-07-03T23:29:09","date_gmt":"2024-07-03T21:29:09","guid":{"rendered":"https:\/\/windsurfing-club-hamburg.de\/?page_id=216"},"modified":"2026-04-03T20:22:43","modified_gmt":"2026-04-03T18:22:43","slug":"mitglied-werden","status":"publish","type":"page","link":"https:\/\/windsurfing-club-hamburg.de\/?page_id=216","title":{"rendered":"Mitglied werden"},"content":{"rendered":"\n<figure class=\"wp-block-image size-large\"><img loading=\"lazy\" decoding=\"async\" width=\"1024\" height=\"277\" src=\"https:\/\/windsurfing-club-hamburg.de\/wp-content\/uploads\/2024\/06\/PanoramaOortkatensee-1024x277.png\" alt=\"\" class=\"wp-image-37\" srcset=\"https:\/\/windsurfing-club-hamburg.de\/wp-content\/uploads\/2024\/06\/PanoramaOortkatensee-1024x277.png 1024w, https:\/\/windsurfing-club-hamburg.de\/wp-content\/uploads\/2024\/06\/PanoramaOortkatensee-300x81.png 300w, https:\/\/windsurfing-club-hamburg.de\/wp-content\/uploads\/2024\/06\/PanoramaOortkatensee-768x207.png 768w, https:\/\/windsurfing-club-hamburg.de\/wp-content\/uploads\/2024\/06\/PanoramaOortkatensee-1536x415.png 1536w, https:\/\/windsurfing-club-hamburg.de\/wp-content\/uploads\/2024\/06\/PanoramaOortkatensee-2048x553.png 2048w\" sizes=\"auto, (max-width: 1024px) 100vw, 1024px\" \/><\/figure>\n\n\n\n<p>Der Windsurfing Club Hamburg e.V. ist der \u00e4lteste und gr\u00f6\u00dfte Windsurfclub in Hamburg.<br>Wir haben Mitglieder aller K\u00f6nnens Stufen vom Anf\u00e4nger \u00fcber Freizeit- und Regattasurfer wie die ehemalige Weltmeisterin Andrea Hoeppner. Aber auch Nichtsurfer (begeisterte Zuschauer). Sch\u00fcler, Rentner, Arbeiter, Angestellte, Akademiker sind uns herzlich willkommen.<\/p>\n\n\n\n<p>Die Zusammensetzung unserer Mitglieder ist bunt gemischt.<br>Unser Clubhaus befindet sich direkt an der Elbe und dem Oortkatensee. Hier treffen wir uns zum gemeinsamen Windsurfen, Kaffee trinken, Grillen und Feiern. Wir haben Clubmaterial, das&nbsp;von allen Mitgliedern unentgeltlich genutzt werden kann. <br><br>Wenn Du Lust hast uns Kennenzulernen, schicke uns bitte \u00fcber das <a href=\"https:\/\/windsurfing-club-hamburg.de\/?page_id=201\" data-type=\"link\" data-id=\"https:\/\/windsurfing-club-hamburg.de\/?page_id=201\" target=\"_blank\" rel=\"noreferrer noopener\">Kontaktformular<\/a> eine Nachricht. Wir melden uns ganz bestimmt, um mit Dir einen Termin zu verabreden.<br><\/p>\n\n\n\n<p>Unseren Aufnahmeantrag findest Du hier als pdf Datei.<\/p>\n\n\n\n<figure class=\"wp-block-image size-full is-resized\"><a href=\"https:\/\/windsurfing-club-hamburg.de\/wp-content\/uploads\/2026\/04\/Aufnahmeantrag.pdf\" target=\"_blank\" rel=\"noopener\"><img loading=\"lazy\" decoding=\"async\" width=\"457\" height=\"503\" src=\"https:\/\/windsurfing-club-hamburg.de\/wp-content\/uploads\/2024\/07\/Unbenannt.png\" alt=\"\" class=\"wp-image-219\" style=\"width:93px;height:auto\" srcset=\"https:\/\/windsurfing-club-hamburg.de\/wp-content\/uploads\/2024\/07\/Unbenannt.png 457w, https:\/\/windsurfing-club-hamburg.de\/wp-content\/uploads\/2024\/07\/Unbenannt-273x300.png 273w\" sizes=\"auto, (max-width: 457px) 100vw, 457px\" \/><\/a><\/figure>\n","protected":false},"excerpt":{"rendered":"<p>Der Windsurfing Club Hamburg e.V. ist der \u00e4lteste und gr\u00f6\u00dfte Windsurfclub in Hamburg.Wir haben Mitglieder aller K\u00f6nnens Stufen vom Anf\u00e4nger \u00fcber Freizeit- und Regattasurfer wie die ehemalige Weltmeisterin Andrea Hoeppner. Aber auch Nichtsurfer (begeisterte Zuschauer). Sch\u00fcler, Rentner, Arbeiter, Angestellte, Akademiker sind uns herzlich willkommen. Die Zusammensetzung unserer Mitglieder ist bunt gemischt.Unser Clubhaus befindet sich direkt [&hellip;]<\/p>\n","protected":false},"author":2,"featured_media":0,"parent":0,"menu_order":0,"comment_status":"closed","ping_status":"closed","template":"","meta":{"footnotes":""},"class_list":["post-216","page","type-page","status-publish","hentry"],"_links":{"self":[{"href":"https:\/\/windsurfing-club-hamburg.de\/index.php?rest_route=\/wp\/v2\/pages\/216","targetHints":{"allow":["GET"]}}],"collection":[{"href":"https:\/\/windsurfing-club-hamburg.de\/index.php?rest_route=\/wp\/v2\/pages"}],"about":[{"href":"https:\/\/windsurfing-club-hamburg.de\/index.php?rest_route=\/wp\/v2\/types\/page"}],"author":[{"embeddable":true,"href":"https:\/\/windsurfing-club-hamburg.de\/index.php?rest_route=\/wp\/v2\/users\/2"}],"replies":[{"embeddable":true,"href":"https:\/\/windsurfing-club-hamburg.de\/index.php?rest_route=%2Fwp%2Fv2%2Fcomments&post=216"}],"version-history":[{"count":7,"href":"https:\/\/windsurfing-club-hamburg.de\/index.php?rest_route=\/wp\/v2\/pages\/216\/revisions"}],"predecessor-version":[{"id":509,"href":"https:\/\/windsurfing-club-hamburg.de\/index.php?rest_route=\/wp\/v2\/pages\/216\/revisions\/509"}],"wp:attachment":[{"href":"https:\/\/windsurfing-club-hamburg.de\/index.php?rest_route=%2Fwp%2Fv2%2Fmedia&parent=216"}],"curies":[{"name":"wp","href":"https:\/\/api.w.org\/{rel}","templated":true}]}}