{"id":161,"date":"2024-06-11T19:55:25","date_gmt":"2024-06-11T17:55:25","guid":{"rendered":"https:\/\/windsurfing-club-hamburg.de\/?page_id=161"},"modified":"2026-03-06T21:37:57","modified_gmt":"2026-03-06T20:37:57","slug":"wegbeschreibung","status":"publish","type":"page","link":"https:\/\/windsurfing-club-hamburg.de\/?page_id=161","title":{"rendered":"Wegbeschreibung"},"content":{"rendered":"\n<p>Die Grafik dient zur Orientierung, wo sich unser Clubhaus befindet.<br>Du kannst uns auch \u00fcber die \u00f6ffentlichen Verkehrsmittel erreichen die Bus Linie 120 vom Hamburg Hauptbahnhof mit der Haltestelle Oortkatenufer, h\u00e4lt quasi bei uns vor der Haust\u00fcr.<\/p>\n\n\n\n<figure class=\"wp-block-image aligncenter size-full is-resized\"><img loading=\"lazy\" decoding=\"async\" width=\"373\" height=\"515\" src=\"https:\/\/windsurfing-club-hamburg.de\/wp-content\/uploads\/2024\/06\/Wegbeschreibung-1.png\" alt=\"\" class=\"wp-image-164\" style=\"width:520px;height:auto\" srcset=\"https:\/\/windsurfing-club-hamburg.de\/wp-content\/uploads\/2024\/06\/Wegbeschreibung-1.png 373w, https:\/\/windsurfing-club-hamburg.de\/wp-content\/uploads\/2024\/06\/Wegbeschreibung-1-217x300.png 217w\" sizes=\"auto, (max-width: 373px) 100vw, 373px\" \/><\/figure>\n","protected":false},"excerpt":{"rendered":"<p>Die Grafik dient zur Orientierung, wo sich unser Clubhaus befindet.Du kannst uns auch \u00fcber die \u00f6ffentlichen Verkehrsmittel erreichen die Bus Linie 120 vom Hamburg Hauptbahnhof mit der Haltestelle Oortkatenufer, h\u00e4lt quasi bei uns vor der Haust\u00fcr.<\/p>\n","protected":false},"author":2,"featured_media":0,"parent":0,"menu_order":0,"comment_status":"closed","ping_status":"closed","template":"","meta":{"footnotes":""},"class_list":["post-161","page","type-page","status-publish","hentry"],"_links":{"self":[{"href":"https:\/\/windsurfing-club-hamburg.de\/index.php?rest_route=\/wp\/v2\/pages\/161","targetHints":{"allow":["GET"]}}],"collection":[{"href":"https:\/\/windsurfing-club-hamburg.de\/index.php?rest_route=\/wp\/v2\/pages"}],"about":[{"href":"https:\/\/windsurfing-club-hamburg.de\/index.php?rest_route=\/wp\/v2\/types\/page"}],"author":[{"embeddable":true,"href":"https:\/\/windsurfing-club-hamburg.de\/index.php?rest_route=\/wp\/v2\/users\/2"}],"replies":[{"embeddable":true,"href":"https:\/\/windsurfing-club-hamburg.de\/index.php?rest_route=%2Fwp%2Fv2%2Fcomments&post=161"}],"version-history":[{"count":2,"href":"https:\/\/windsurfing-club-hamburg.de\/index.php?rest_route=\/wp\/v2\/pages\/161\/revisions"}],"predecessor-version":[{"id":167,"href":"https:\/\/windsurfing-club-hamburg.de\/index.php?rest_route=\/wp\/v2\/pages\/161\/revisions\/167"}],"wp:attachment":[{"href":"https:\/\/windsurfing-club-hamburg.de\/index.php?rest_route=%2Fwp%2Fv2%2Fmedia&parent=161"}],"curies":[{"name":"wp","href":"https:\/\/api.w.org\/{rel}","templated":true}]}}