{"id":127,"date":"2024-06-11T12:08:30","date_gmt":"2024-06-11T10:08:30","guid":{"rendered":"https:\/\/windsurfing-club-hamburg.de\/?page_id=127"},"modified":"2026-03-06T22:03:24","modified_gmt":"2026-03-06T21:03:24","slug":"impressum","status":"publish","type":"page","link":"https:\/\/windsurfing-club-hamburg.de\/?page_id=127","title":{"rendered":"Impressum"},"content":{"rendered":"\n<p class=\"has-small-font-size\">Windsurfing Club Hamburg e.V.<br>Oortkatenufer 24<br>21037 Hamburg<br>Deutschland<br><\/p>\n\n\n\n<p class=\"has-small-font-size\"><br>Vertreten durch den Vorstand:<br><br>1. Vorsitzender: Rainer Frohb\u00f6se<br>2. Vorsitzender: Wolfgang Maison<br>3. Vorsitzender: Matthias Mundil<br>4. Vorsitzender: Friedo Karth<br>5. Vorsitzender: Alexander Kositzke<br>6. Vorsitzende:\u00a0 Chantal Uterm\u00f6hlen<br><\/p>\n\n\n\n<p class=\"has-small-font-size\"><br>Kontakt<br><br>E-Mail: windsurfing-club-hh(at)<a href=\"http:\/\/gmx.de\/\">gmx.de<\/a><br>Website:\u00a0<a href=\"https:\/\/windsurfing-club-hamburg.de\/\">https:\/\/windsurfing-club-hamburg.de<\/a>,\u00a0<a href=\"https:\/\/www.surfen-wch.de\/\">https:\/\/www.surfen-wch.de<\/a><br><\/p>\n\n\n\n<p class=\"has-small-font-size\"><br>Gesch\u00e4ftsstelle:<br>Vorsitzende des Windsurfing Hamburg Club e.V.<br>Rainer Frohb\u00f6se<br>Kirchwerder Elbbdeich 148<br>21037 Hamburg<br><\/p>\n\n\n\n<p class=\"has-small-font-size\"><br>Verantwortlich f\u00fcr den Inhalt <\/p>\n\n\n\n<p class=\"has-small-font-size\">Rainer Frohb\u00f6se<br>Oortkatenufer 24<br>21037 Hamburg<br><br><br>Haftungsausschluss<\/p>\n\n\n\n<p class=\"has-small-font-size\">Die Informationen auf dieser Internetseite des Windsurfing Club Hamburg e.V. werden kostenfrei f\u00fcr den Benutzer bereitgestellt. <br>Die Inhalte sind urheberrechtlich gesch\u00fctzt. Jede Verwendung durch Dritte und jegliche gewerbliche oder entgeltliche Weiterverwendung bedarf der vorherigen schriftlichen Genehmigung des Windsurfing Club Hamburg e.V.  Der Windsurfing Club Hamburg e.V.  \u00fcbernimmt \u2013 bei allem Bem\u00fchen um gr\u00f6\u00dftm\u00f6gliche fachliche Sorgfalt \u2013 keine Haftung f\u00fcr die Richtigkeit, Vollst\u00e4ndigkeit und Aktualit\u00e4t der bereitgestellten Informationen. <br>Inhalte, die als Zitat gekennzeichnet oder mit einem Hinweis auf den Autor versehen sind, geben nicht die Meinung des Windsurfing Club Hamburg e.V. wieder. <br>Auf Inhalte verlinkter Webpr\u00e4senzen hat der Windsurfing Club Hamburg e.V. keinen Einfluss. Sie geben nicht die Auffassung des Windsurfing Club Hamburg e.V. wieder. <br>Der Verband \u00fcbernimmt keinerlei rechtliche, redaktionelle oder urheberrechtliche Verantwortung f\u00fcr deren Inhalte.<\/p>\n\n\n\n<p class=\"has-small-font-size\"><\/p>\n","protected":false},"excerpt":{"rendered":"<p>Windsurfing Club Hamburg e.V.Oortkatenufer 2421037 HamburgDeutschland Vertreten durch den Vorstand: 1. Vorsitzender: Rainer Frohb\u00f6se2. Vorsitzender: Wolfgang Maison3. Vorsitzender: Matthias Mundil4. Vorsitzender: Friedo Karth5. Vorsitzender: Alexander Kositzke6. Vorsitzende:\u00a0 Chantal Uterm\u00f6hlen Kontakt E-Mail: windsurfing-club-hh(at)gmx.deWebsite:\u00a0https:\/\/windsurfing-club-hamburg.de,\u00a0https:\/\/www.surfen-wch.de Gesch\u00e4ftsstelle:Vorsitzende des Windsurfing Hamburg Club e.V.Rainer Frohb\u00f6seKirchwerder Elbbdeich 14821037 Hamburg Verantwortlich f\u00fcr den Inhalt Rainer Frohb\u00f6seOortkatenufer 2421037 Hamburg Haftungsausschluss Die Informationen auf dieser [&hellip;]<\/p>\n","protected":false},"author":2,"featured_media":0,"parent":0,"menu_order":0,"comment_status":"closed","ping_status":"closed","template":"","meta":{"footnotes":""},"class_list":["post-127","page","type-page","status-publish","hentry"],"_links":{"self":[{"href":"https:\/\/windsurfing-club-hamburg.de\/index.php?rest_route=\/wp\/v2\/pages\/127","targetHints":{"allow":["GET"]}}],"collection":[{"href":"https:\/\/windsurfing-club-hamburg.de\/index.php?rest_route=\/wp\/v2\/pages"}],"about":[{"href":"https:\/\/windsurfing-club-hamburg.de\/index.php?rest_route=\/wp\/v2\/types\/page"}],"author":[{"embeddable":true,"href":"https:\/\/windsurfing-club-hamburg.de\/index.php?rest_route=\/wp\/v2\/users\/2"}],"replies":[{"embeddable":true,"href":"https:\/\/windsurfing-club-hamburg.de\/index.php?rest_route=%2Fwp%2Fv2%2Fcomments&post=127"}],"version-history":[{"count":7,"href":"https:\/\/windsurfing-club-hamburg.de\/index.php?rest_route=\/wp\/v2\/pages\/127\/revisions"}],"predecessor-version":[{"id":474,"href":"https:\/\/windsurfing-club-hamburg.de\/index.php?rest_route=\/wp\/v2\/pages\/127\/revisions\/474"}],"wp:attachment":[{"href":"https:\/\/windsurfing-club-hamburg.de\/index.php?rest_route=%2Fwp%2Fv2%2Fmedia&parent=127"}],"curies":[{"name":"wp","href":"https:\/\/api.w.org\/{rel}","templated":true}]}}